{"id":573,"date":"2013-04-28T12:24:41","date_gmt":"2013-04-28T10:24:41","guid":{"rendered":"http:\/\/blog.kaihartmann.de\/?page_id=573"},"modified":"2023-02-05T13:27:45","modified_gmt":"2023-02-05T12:27:45","slug":"uber-diesen-blog","status":"publish","type":"page","link":"http:\/\/blog.kaihartmann.de\/?page_id=573","title":{"rendered":"\u00dcber diesen Blog"},"content":{"rendered":"<p>Das t\u00e4gliche Leben ist voller Lernm\u00f6glichkeiten, damit ich so lebe, wie ich will. In meinem Blog greife ich Alltagsbeobachtungen auf und besch\u00e4ftige mich mit diesen Fragen:<\/p>\n<ul>\n<li>Wie sehe ich die Welt und wie k\u00f6nnte ich sie sehen?<\/li>\n<li>Wie sehen andere die Welt und was sagt mir das \u00fcber mich?<\/li>\n<li>Was kann ich tun, damit ich ausgeglichener, zufriedener, gar gl\u00fccklicher werde?<\/li>\n<\/ul>\n<p>Mit kleinen Ver\u00e4nderungen im Alltag lassen sich erstaunliche Wirkungen erreichen. Immer wieder erlebe ich Situationen, die ich mit Erkenntnissen der Kommunikationspsychologie betrachte. Ich m\u00f6chte mit meinen Coaching-Kolumen aus dem Alltag die Augen \u00f6ffnen f\u00fcr die Handlungsoptionen, die wir t\u00e4glich haben \u2013 aber nicht immer nutzen.<\/p>\n<h2>Mein Profil als Coach und Mediator<\/h2>\n<p><img decoding=\"async\" style=\"margin-left: 14px; margin-top4px; margin-bottom: 4px;\" src=\"http:\/\/www.kaihartmann.de\/images\/coaching\/2016KaiHartmann200x160.jpg\" alt=\"\" align=\"right\" \/><\/p>\n<ul>\n<li>Ausbildung zum Coach und Kommunikationsberater bei Prof. Schulz von Thun (320 Stunden)<\/li>\n<li>Ausbildung zum Wirtschaftsmediator (Konfliktkl\u00e4rung in Teams und Gruppen) bei der Zweisicht.Akademie Freiburg (210 Stunden). Die Ausbildung erfolgte nach den Standards des Bundesverbandes MEDIATION e.V.<\/li>\n<li>12 Jahre t\u00e4tig im Bereich Corporate Communication bei IKEA Deutschland (Interne Kommunikation, Unternehmens-PR, Krisen-PR)<\/li>\n<li>Zehn Jahre Projektmanagement und -leitung in IT- und Organisationsprojekten<\/li>\n<li>Diplom-Betriebswirt Wirtschaftsinformatik<\/li>\n<li>Jahrgang 1968, verheiratet.<\/li>\n<\/ul>\n<h2>Schwerpunkte im Coaching<\/h2>\n<p>Als Coach unterst\u00fctze ich Sie bei der Entscheidungsfindung und in Ihrer Konfliktf\u00e4higkeit. Der Ausgangspunkt sind Ihre Bed\u00fcrfnisse und Ressourcen. Zum Beispiel f\u00fcr die Themen<\/p>\n<ul>\n<li>Entscheidungen treffen<\/li>\n<li>Konflikte aushalten und l\u00f6sen<\/li>\n<li>Generationenfragen und Familiensituationen kl\u00e4ren<\/li>\n<li>Freir\u00e4ume gewinnen durch mehr innere Klarheit<\/li>\n<\/ul>\n<p>Ich begleite Sie mit Einf\u00fchlungsverm\u00f6gen und Fachwissen, wenn Sie mit Ihren beruflichen oder privaten Fragen weiterkommen wollen. Sie bekommen von mir einfache Modelle und Methoden an die Hand, die Sie im Alltag leicht f\u00fcr sich nutzen k\u00f6nnen. Ich entscheide nicht f\u00fcr Sie, denn ich mache mich wohlwollend mit Ihnen gemeinsam auf den Weg, um Sie in Ihrer Gestaltungskraft zu unterst\u00fctzen und Dinge auf den Punkt zu bringen.<\/p>\n<h2>Disclaimer<\/h2>\n<p>F\u00fcr den Inhalt\u00a0 auf den Zielseiten von externen Links, gekennzeichnet durch ein\u00a0\u2197, ist der jeweilige Seitenbetreiber verantwortlich. Ich benutze das WordPress PlugIn AddToAny, das Cookies verwendet, um zu funktionieren. AddToAny erm\u00f6glicht es meinen Lesern, Blogbeitr\u00e4ge zu mailen oder in Webdiensten zu verlinken.<\/p>\n","protected":false},"excerpt":{"rendered":"<p>Das t\u00e4gliche Leben ist voller Lernm\u00f6glichkeiten, damit ich so lebe, wie ich will. In meinem Blog greife ich Alltagsbeobachtungen auf und besch\u00e4ftige mich mit diesen Fragen: Wie sehe ich die Welt und wie k\u00f6nnte ich sie sehen? Wie sehen andere die Welt und was sagt mir das \u00fcber mich? Was kann ich tun, damit ich [&hellip;]<\/p>\n","protected":false},"author":1,"featured_media":0,"parent":0,"menu_order":0,"comment_status":"closed","ping_status":"open","template":"","meta":{"footnotes":""},"class_list":["post-573","page","type-page","status-publish","hentry"],"_links":{"self":[{"href":"http:\/\/blog.kaihartmann.de\/index.php?rest_route=\/wp\/v2\/pages\/573","targetHints":{"allow":["GET"]}}],"collection":[{"href":"http:\/\/blog.kaihartmann.de\/index.php?rest_route=\/wp\/v2\/pages"}],"about":[{"href":"http:\/\/blog.kaihartmann.de\/index.php?rest_route=\/wp\/v2\/types\/page"}],"author":[{"embeddable":true,"href":"http:\/\/blog.kaihartmann.de\/index.php?rest_route=\/wp\/v2\/users\/1"}],"replies":[{"embeddable":true,"href":"http:\/\/blog.kaihartmann.de\/index.php?rest_route=%2Fwp%2Fv2%2Fcomments&post=573"}],"version-history":[{"count":25,"href":"http:\/\/blog.kaihartmann.de\/index.php?rest_route=\/wp\/v2\/pages\/573\/revisions"}],"predecessor-version":[{"id":2173,"href":"http:\/\/blog.kaihartmann.de\/index.php?rest_route=\/wp\/v2\/pages\/573\/revisions\/2173"}],"wp:attachment":[{"href":"http:\/\/blog.kaihartmann.de\/index.php?rest_route=%2Fwp%2Fv2%2Fmedia&parent=573"}],"curies":[{"name":"wp","href":"https:\/\/api.w.org\/{rel}","templated":true}]}}